{"id":1775,"date":"2021-07-29T21:58:59","date_gmt":"2021-07-29T20:58:59","guid":{"rendered":"https:\/\/camping-roucateille.com\/clone\/pase-sanitario\/"},"modified":"2022-12-13T11:02:18","modified_gmt":"2022-12-13T10:02:18","slug":"pase-sanitario","status":"publish","type":"page","link":"https:\/\/camping-roucateille.com\/es\/pase-sanitario\/","title":{"rendered":"Pase sanitario"},"content":{"rendered":"[vc_row type=\u00bbfull_width_background\u00bb full_screen_row_position=\u00bbmiddle\u00bb column_margin=\u00bbdefault\u00bb column_direction=\u00bbdefault\u00bb column_direction_tablet=\u00bbdefault\u00bb column_direction_phone=\u00bbdefault\u00bb bg_image=\u00bb118&#8243; bg_position=\u00bbcenter bottom\u00bb bg_repeat=\u00bbno-repeat\u00bb scene_position=\u00bbcenter\u00bb text_color=\u00bblight\u00bb text_align=\u00bbleft\u00bb row_border_radius=\u00bbnone\u00bb row_border_radius_applies=\u00bbbg\u00bb color_overlay=\u00bb#3a4254&#8243; color_overlay_2=\u00bb#8ac53e\u00bb overlay_strength=\u00bb0.5&#8243; gradient_direction=\u00bbleft_b_to_right_t\u00bb shape_divider_position=\u00bbbottom\u00bb bg_image_animation=\u00bbnone\u00bb shape_type=\u00bb\u00bb][vc_column column_padding=\u00bbno-extra-padding\u00bb column_padding_tablet=\u00bbinherit\u00bb column_padding_phone=\u00bbinherit\u00bb column_padding_position=\u00bball\u00bb centered_text=\u00bbtrue\u00bb background_color_opacity=\u00bb1&#8243; background_hover_color_opacity=\u00bb1&#8243; column_shadow=\u00bbnone\u00bb column_border_radius=\u00bbnone\u00bb column_link_target=\u00bb_self\u00bb gradient_direction=\u00bbleft_to_right\u00bb overlay_strength=\u00bb0.3&#8243; width=\u00bb1\/1&#8243; tablet_width_inherit=\u00bbdefault\u00bb tablet_text_alignment=\u00bbdefault\u00bb phone_text_alignment=\u00bbdefault\u00bb column_border_width=\u00bbnone\u00bb column_border_style=\u00bbsolid\u00bb bg_image_animation=\u00bbnone\u00bb][divider line_type=\u00bbNo Line\u00bb custom_height=\u00bb200&#8243;][vc_column_text]\n<h1>Pase sanitario<\/h1>\n[\/vc_column_text][divider line_type=\u00bbSmall Line\u00bb line_alignment=\u00bbcenter\u00bb line_thickness=\u00bb5&#8243; divider_color=\u00bbaccent-color\u00bb][divider line_type=\u00bbNo Line\u00bb custom_height=\u00bb200&#8243;][\/vc_column][\/vc_row][vc_row type=\u00bbin_container\u00bb full_screen_row_position=\u00bbmiddle\u00bb column_margin=\u00bbdefault\u00bb column_direction=\u00bbdefault\u00bb column_direction_tablet=\u00bbdefault\u00bb column_direction_phone=\u00bbdefault\u00bb scene_position=\u00bbcenter\u00bb translate_y=\u00bb-150px\u00bb text_color=\u00bbdark\u00bb text_align=\u00bbleft\u00bb row_border_radius=\u00bbnone\u00bb row_border_radius_applies=\u00bbbg\u00bb class=\u00bbgreen-title\u00bb overlay_strength=\u00bb0.3&#8243; gradient_direction=\u00bbleft_to_right\u00bb shape_divider_position=\u00bbbottom\u00bb bg_image_animation=\u00bbnone\u00bb shape_type=\u00bb\u00bb][vc_column column_padding=\u00bbpadding-6-percent\u00bb column_padding_tablet=\u00bbinherit\u00bb column_padding_phone=\u00bbinherit\u00bb column_padding_position=\u00bball\u00bb background_color=\u00bb#ffffff\u00bb background_color_opacity=\u00bb1&#8243; background_hover_color_opacity=\u00bb1&#8243; column_shadow=\u00bbsmall_depth\u00bb column_border_radius=\u00bb5px\u00bb column_link_target=\u00bb_self\u00bb gradient_direction=\u00bbleft_to_right\u00bb overlay_strength=\u00bb0.3&#8243; width=\u00bb1\/1&#8243; tablet_width_inherit=\u00bbdefault\u00bb tablet_text_alignment=\u00bbdefault\u00bb phone_text_alignment=\u00bbdefault\u00bb column_border_width=\u00bbnone\u00bb bg_image_animation=\u00bbnone\u00bb][vc_row_inner column_margin=\u00bb60px\u00bb column_direction=\u00bbdefault\u00bb column_direction_tablet=\u00bbdefault\u00bb column_direction_phone=\u00bbdefault\u00bb text_align=\u00bbleft\u00bb][vc_column_inner column_padding=\u00bbno-extra-padding\u00bb column_padding_tablet=\u00bbinherit\u00bb column_padding_phone=\u00bbinherit\u00bb column_padding_position=\u00bball\u00bb background_color_opacity=\u00bb1&#8243; background_hover_color_opacity=\u00bb1&#8243; column_shadow=\u00bbnone\u00bb column_border_radius=\u00bbnone\u00bb column_link_target=\u00bb_self\u00bb gradient_direction=\u00bbleft_to_right\u00bb overlay_strength=\u00bb0.3&#8243; width=\u00bb1\/1&#8243; tablet_width_inherit=\u00bbdefault\u00bb column_border_width=\u00bbnone\u00bb column_border_style=\u00bbsolid\u00bb bg_image_animation=\u00bbnone\u00bb][vc_column_text]\n<p style=\"text-align: center;\"><strong>Estimados veraneantes,<\/strong><\/p>\n<p style=\"text-align: center;\"><strong>Todo el equipo de La Roucateille est\u00e1 deseando darle la bienvenida.<br \/>\n<\/strong><\/p>\n<p style=\"text-align: center;\">Para que disfrute de su estancia, el equipo de La Roucateille est\u00e1 a su disposici\u00f3n para ayudarle<\/p>\n<p style=\"text-align: center;\">estar informado diariamente de cualquier anuncio del gobierno que pueda afectar a su estancia.<\/p>\n<p style=\"text-align: center;\">Actualmente, no es necesario presentar la tarjeta sanitaria o de vacunaci\u00f3n para acceder a nuestras instalaciones.<\/p>\n<p style=\"text-align: center;\">Nos comprometemos a mantenerle informado de cualquier cambio en su situaci\u00f3n.<\/p>\n<p style=\"text-align: center;\">Si tiene alguna pregunta, no dude en ponerse en contacto con nosotros \ud83d\ude09 .<\/p>\n<p style=\"text-align: center;\">Estamos deseando verle.<\/p>\n<p style=\"text-align: center;\"><strong>Delphine y Gilles.<\/strong><\/p>\n<p style=\"text-align: center;\"><strong>05.61.64.05.92<\/strong><\/p>\n[\/vc_column_text][\/vc_column_inner][\/vc_row_inner][\/vc_column][\/vc_row][vc_row type=\u00bbin_container\u00bb full_screen_row_position=\u00bbmiddle\u00bb column_margin=\u00bbdefault\u00bb column_direction=\u00bbdefault\u00bb column_direction_tablet=\u00bbdefault\u00bb column_direction_phone=\u00bbdefault\u00bb scene_position=\u00bbcenter\u00bb text_color=\u00bbdark\u00bb text_align=\u00bbleft\u00bb row_border_radius=\u00bbnone\u00bb row_border_radius_applies=\u00bbbg\u00bb disable_element=\u00bbyes\u00bb overlay_strength=\u00bb0.3&#8243; gradient_direction=\u00bbleft_to_right\u00bb shape_divider_position=\u00bbbottom\u00bb bg_image_animation=\u00bbnone\u00bb shape_type=\u00bb\u00bb][vc_column column_padding=\u00bbno-extra-padding\u00bb column_padding_tablet=\u00bbinherit\u00bb column_padding_phone=\u00bbinherit\u00bb column_padding_position=\u00bball\u00bb background_color_opacity=\u00bb1&#8243; background_hover_color_opacity=\u00bb1&#8243; column_shadow=\u00bbnone\u00bb column_border_radius=\u00bbnone\u00bb column_link_target=\u00bb_self\u00bb gradient_direction=\u00bbleft_to_right\u00bb overlay_strength=\u00bb0.3&#8243; width=\u00bb1\/1&#8243; tablet_width_inherit=\u00bbdefault\u00bb tablet_text_alignment=\u00bbdefault\u00bb phone_text_alignment=\u00bbdefault\u00bb column_border_width=\u00bbnone\u00bb column_border_style=\u00bbsolid\u00bb bg_image_animation=\u00bbnone\u00bb][vc_column_text]CONDICIONES GENERALES DE VENTA<br \/>\nCAMPING ARIEGE LA ROUCATEILLE<\/p>\n<p>CONDICIONES DE RESERVA<br \/>\nLa reserva s\u00f3lo se hace efectiva tras la aceptaci\u00f3n de la misma por parte del camping, una vez recibido el dep\u00f3sito y<br \/>\ntras la recepci\u00f3n del contrato de reserva debidamente cumplimentado y firmado, o tras la aceptaci\u00f3n de las condiciones generales de<br \/>\nventa al reservar en l\u00ednea.<br \/>\nLas reservas s\u00f3lo son vinculantes para el camping si \u00e9ste las ha aceptado, lo que el Camping Ari\u00e8ge La Roucateille es libre de hacer.<br \/>\no rechazar, en funci\u00f3n de la disponibilidad, y en general de cualquier circunstancia que pueda dificultar la ejecuci\u00f3n del contrato<br \/>\nde la reserva realizada. El camping Ari\u00e8ge La Roucateille ofrece vacaciones familiares, en el sentido tradicional, en<br \/>\nEl alojamiento est\u00e1 especialmente dise\u00f1ado para ello. El Camping Ari\u00e8ge La Roucateille se reserva el derecho de rechazar cualquier<br \/>\nNo es posible hacer una reserva que sea contraria a este principio o que pretenda desviarlo.<br \/>\nLa reserva de una parcela de camping o de un alquiler se realiza de forma estrictamente personal. No puedes hacerlo.<br \/>\nEn ning\u00fan caso podr\u00e1 subarrendar o transferir su reserva sin el consentimiento previo del camping.<br \/>\nLos menores deben ir acompa\u00f1ados de sus padres o tutores legales.<\/p>\n<p>Parcela de camping<br \/>\nEl paquete b\u00e1sico incluye una parcela para una tienda, caravana o autocaravana para 1 o 2 personas, acceso al<br \/>\ninstalaciones sanitarias y de recepci\u00f3n.<br \/>\nAlquiler<br \/>\nLos alojamientos de alquiler est\u00e1n totalmente equipados. El paquete b\u00e1sico es de 1 a 8 plazas seg\u00fan el tipo de alojamiento.<br \/>\nEl Camping Ari\u00e8ge La Roucateille se reserva el derecho de denegar el acceso al camping a grupos o familias que se presenten con<br \/>\nel n\u00famero de participantes supera la capacidad del alojamiento alquilado.<br \/>\nTarifas de reserva<br \/>\nEl Camping Ari\u00e8ge La Roucateille ofrece la tarifa de reserva en los alquileres y las parcelas descubiertas.<\/p>\n<p>RESERVA DE GRUPO<br \/>\nCualquier reserva para m\u00e1s de 15 personas por la misma o diferentes personas f\u00edsicas<br \/>\npero conocerse y viajar juntos por los mismos motivos en las mismas fechas de estancia en el camping es<br \/>\nconsiderados como un grupo.<br \/>\nLos alojamientos ofrecidos en el sitio web comercial Camping Ari\u00e8ge La Roucateille se dirigen exclusivamente a los<br \/>\nclientes individuales.<br \/>\nPara cualquier solicitud de reserva de grupo, puede ponerse en contacto con nosotros por tel\u00e9fono, por correo electr\u00f3nico o a trav\u00e9s de nuestro<br \/>\n\u00abCONTACTAR CON NOSOTROS\u00bb. El Camping Ari\u00e8ge La Roucateille se reserva el derecho de examinar la solicitud de reserva antes de aceptarla o rechazarla.<\/p>\n<p>TARIFAS Y TASA TUR\u00cdSTICA<br \/>\nLos precios indicados son v\u00e1lidos para la temporada actual. Son por noche y est\u00e1n en euros, con el IVA incluido.<br \/>\nEl importe de la tasa tur\u00edstica lo fija la Comunidad de Aglomeraci\u00f3n Pays Foix-Varilhes.<br \/>\nLa ecoparticipaci\u00f3n es una ecotasa establecida por el camping.<\/p>\n<p>CONDICIONES DE PAGO<br \/>\nPara las reservas efectuadas con m\u00e1s de 30 d\u00edas de antelaci\u00f3n al inicio de la estancia, se deber\u00e1 abonar un dep\u00f3sito del 30% del precio del<br \/>\nTodos los servicios reservados deben pagarse al Camping Ari\u00e8ge La Roucateille en el momento de la reserva. El saldo debe pagarse a m\u00e1s tardar el<br \/>\n30 d\u00edas antes de la fecha de inicio de la estancia. En caso de impago del saldo por parte del cliente a m\u00e1s tardar 30 d\u00edas antes de la<br \/>\nfecha de inicio de la estancia, el pueblo se reserva el derecho de cancelar la reserva y volver a ofrecer el alojamiento en alquiler<br \/>\nsin devolver el dep\u00f3sito pagado.<br \/>\nPara las reservas efectuadas con menos de 30 d\u00edas de antelaci\u00f3n a la fecha de inicio de la estancia, se debe realizar el pago completo<br \/>\nen el momento de la reserva en el Camping Ari\u00e8ge La Roucateille (30% de fianza + el resto de la estancia).<\/p>\n<p>CANCELACI\u00d3N Y CAMBIOS<br \/>\n1. Modificaci\u00f3n de la reserva<br \/>\nEl cliente puede solicitar una modificaci\u00f3n de su estancia en el Camping Ari\u00e8ge La Roucateille (fechas, tipo de alojamiento) bajo petici\u00f3n<br \/>\nSe ruega ponerse en contacto con el camping por escrito (por correo postal o electr\u00f3nico), seg\u00fan la disponibilidad. No se aceptar\u00e1 ninguna pr\u00f3rroga en el<br \/>\nla pr\u00f3xima temporada. En ausencia de una modificaci\u00f3n, el cliente deber\u00e1 realizar su estancia en las condiciones iniciales de reserva o<br \/>\nanularlo seg\u00fan las condiciones del seguro de anulaci\u00f3n.<br \/>\nCualquier solicitud de aumento de la duraci\u00f3n de la estancia se realizar\u00e1 en funci\u00f3n de la disponibilidad y de las tarifas vigentes.<br \/>\nCualquier solicitud de reducci\u00f3n de la duraci\u00f3n de la estancia se considera una cancelaci\u00f3n parcial y estar\u00e1 sujeta a<br \/>\nla cancelaci\u00f3n e interrupci\u00f3n de la estancia.<\/p>\n<p>2. Prestaciones no utilizadas<br \/>\nEn caso de interrupci\u00f3n o reducci\u00f3n de la estancia por uno de los siguientes motivos:<br \/>\nCerrar las fronteras<br \/>\nCierre administrativo del camping<br \/>\nCuarentena a la llegada o al regreso del cliente al pa\u00eds<br \/>\nLimitaci\u00f3n de los desplazamientos a un n\u00famero de kil\u00f3metros que no permite el desplazamiento hasta el camping<br \/>\nEl camping emitir\u00e1 un vale por el importe de las noches no utilizadas, v\u00e1lido durante un a\u00f1o. En caso de rechazo<br \/>\nSi el cliente no acepta este vale, se le reembolsar\u00e1, previa solicitud, el importe correspondiente menos el coste de<br \/>\nSeguro de anulaci\u00f3n si se contrata.<br \/>\nAparte de los motivos mencionados anteriormente, cualquier estancia interrumpida o acortada (llegada tard\u00eda, salida anticipada) debido a que el cliente<br \/>\nno tendr\u00e1 derecho a un reembolso o a un vale.<\/p>\n<p>3. Anulaci\u00f3n por el camping Ari\u00e8ge La Roucateille<br \/>\nEn caso de anulaci\u00f3n por parte del Camping Ari\u00e8ge La Roucateille, salvo en caso de fuerza mayor, las cantidades abonadas por el<br \/>\nlas reservas ser\u00e1n reembolsadas en su totalidad. No obstante, dicha anulaci\u00f3n no dar\u00e1 lugar al pago de da\u00f1os y perjuicios.<br \/>\nintereses.<\/p>\n<p>4. Anulaci\u00f3n por parte del campista<\/p>\n<p>a. En caso de anulaci\u00f3n por parte del campista sin contratar un seguro de anulaci\u00f3n<br \/>\nPor uno de los siguientes motivos (que impiden la estancia) :<br \/>\nCerrar las fronteras<br \/>\nCierre administrativo del camping<br \/>\nCuarentena a la llegada o al regreso del cliente al pa\u00eds<br \/>\nLimitaci\u00f3n de los desplazamientos a un n\u00famero de kil\u00f3metros que no permite el desplazamiento hasta el camping<br \/>\nEl camping emitir\u00e1 un vale por el importe total pagado, v\u00e1lido durante un a\u00f1o. En caso de<br \/>\nSi el cliente se niega a aceptar el vale, se le reembolsar\u00e1 el importe correspondiente si lo solicita.<\/p>\n<p>b. En caso de cancelaci\u00f3n por parte del campista con un seguro de cancelaci\u00f3n<br \/>\nLos importes pagados est\u00e1n cubiertos por la garant\u00eda seg\u00fan las condiciones generales de anulaci\u00f3n. Si el motivo no est\u00e1 cubierto por<br \/>\nLas condiciones generales de venta del apartado 4 a. se aplicar\u00e1n en caso de seguro de anulaci\u00f3n o si el expediente es rechazado por \u00e9ste. aplicar y<br \/>\nEl coste del seguro de cancelaci\u00f3n se deducir\u00e1 del importe pagado en caso de cancelaci\u00f3n.<\/p>\n<p>SU ESTANCIA<\/p>\n<p>1. Llegada<br \/>\nEn las parcelas: las llegadas son a partir del mediod\u00eda. En temporada baja, este horario puede ser m\u00e1s flexible. Contacto con el camping<br \/>\nAri\u00e8ge La Roucateille para m\u00e1s informaci\u00f3n.<br \/>\nAlojamiento de alquiler: el d\u00eda de su llegada al camping Ari\u00e8ge La Roucateille, ser\u00e1 recibido a partir de las 16:00, En<br \/>\nfuera de temporada, este horario puede ser m\u00e1s flexible. Para m\u00e1s informaci\u00f3n, p\u00f3ngase en contacto con el Camping Ari\u00e8ge La Roucateille. En la entrega<br \/>\nSe requerir\u00e1 un dep\u00f3sito de 200\u20ac para obtener las llaves de su alojamiento.<\/p>\n<p>2. Durante su estancia<br \/>\nEs responsabilidad del campista contratar un seguro: el campista es responsable de la vigilancia de sus objetos personales (bicicletas, etc.).<br \/>\nEl Camping Ari\u00e8ge La Roucateille declina toda responsabilidad en caso de que un incidente caiga bajo la responsabilidad civil del campista. Todo<br \/>\nlos clientes deben cumplir con las disposiciones del reglamento de la casa. Cada inquilino titular es responsable de las molestias y<br \/>\nmolestias causadas por las personas que se alojan o visitan.<\/p>\n<p>3. Salida<br \/>\nEn las parcelas: las salidas son antes de las 11h. En temporada baja, este horario puede ser m\u00e1s flexible. Contacto con el camping<br \/>\nAri\u00e8ge La Roucateille para m\u00e1s informaci\u00f3n.<br \/>\nAlojamiento de alquiler: El d\u00eda de salida indicado en su contrato, el alojamiento alquilado debe ser desalojado antes de las 10 de la ma\u00f1ana del d\u00eda de salida.<br \/>\npor la ma\u00f1ana. En temporada baja, este horario puede ser m\u00e1s flexible. Para m\u00e1s informaci\u00f3n, p\u00f3ngase en contacto con el Camping Ari\u00e8ge La Roucateille.<br \/>\nEl alojamiento se devolver\u00e1 en un estado limpio y ordenado, y se podr\u00e1 comprobar el inventario.<br \/>\nUsted ser\u00e1 responsable de los gastos de limpieza y restauraci\u00f3n de los locales si es necesario. Para su informaci\u00f3n, encontrar\u00e1 en cada<br \/>\nalquilar una hoja de inventario detallada. Debe informar de cualquier incumplimiento de esta lista en un plazo de 24 horas, de lo contrario puede<br \/>\nser considerado responsable. La fianza le ser\u00e1 devuelta al final de su estancia, tras la deducci\u00f3n de cualquier compensaci\u00f3n retenida, el<br \/>\nfacturas justificativas de los da\u00f1os constatados en el inventario de las instalaciones a la salida. La retenci\u00f3n de la fianza no excluye<br \/>\ncompensaci\u00f3n adicional si los costes superan el importe de la tasa.<br \/>\nAlojamiento de alquiler: En caso de que el alojamiento no se haya limpiado antes de su salida, se cobrar\u00e1 una tasa de limpieza de<br \/>\nSe le pedir\u00e1 que pague un m\u00ednimo de 60 euros, IVA incluido.<br \/>\nEn caso de salidas tard\u00edas, se puede cobrar un d\u00eda adicional con la tarifa nocturna aplicable.<\/p>\n<p>3. Reglamento interno<br \/>\nDurante su estancia en el camping Ari\u00e8ge La Roucateille, usted y todos los participantes en su estancia se comprometen a respetar la<br \/>\nnormas y reglamentos del camping.<br \/>\nEst\u00e1 expuesta y disponible en la recepci\u00f3n del camping.<\/p>\n<p>ANIMALES<br \/>\nEn el camping Ari\u00e8ge La Roucateille se aceptan animales (excepto los perros de 1\u00aa y 2\u00aa categor\u00eda) por una tarifa de<br \/>\ncuota a pagar de 3 \u20ac \/ noche y \/ animal en el momento de su reserva. Deben mantenerse con correa en todo momento. Son<br \/>\nProhibido alrededor de las piscinas, en las tiendas de alimentaci\u00f3n y en los edificios. La cartilla de vacunaci\u00f3n para perros<br \/>\ny los gatos deben estar al d\u00eda.<br \/>\nIMPORTANTE: est\u00e1n estrictamente prohibidos en las Caba\u00f1as Premium.<\/p>\n<p>IMAGEN<br \/>\nUsted autoriza al Camping Ari\u00e8ge La Roucateille, as\u00ed como a cualquier persona designada por el Camping Ari\u00e8ge La Roucateille, a<br \/>\nfotografiarle, grabarle o filmarle durante su estancia y utilizar dichas im\u00e1genes, sonidos, v\u00eddeos y grabaciones<br \/>\nen todos los medios de comunicaci\u00f3n (en particular en los sitios web o p\u00e1ginas del camping Ari\u00e8ge La Roucateille -incluidos Facebook e Instagram-)<br \/>\nen el material de presentaci\u00f3n y promoci\u00f3n del camping Ari\u00e8ge La Roucateille y en las gu\u00edas de viaje o tur\u00edsticas).<br \/>\nEsta autorizaci\u00f3n se aplica tanto a usted como a las personas que se alojan con usted. Su \u00fanico objetivo es promover y<br \/>\nla animaci\u00f3n del camping Ari\u00e8ge La Roucateille y no perjudicar\u00e1 en modo alguno su reputaci\u00f3n. Esta autorizaci\u00f3n es<br \/>\nconcedido gratuitamente, para todos los pa\u00edses y por un periodo de 5 a\u00f1os.<\/p>\n<p>LITIGIO<br \/>\nCualquier reclamaci\u00f3n relativa a la no conformidad de los servicios en relaci\u00f3n con los compromisos contractuales puede ser<br \/>\ninformados por correo o correo electr\u00f3nico al gerente del camping Ari\u00e8ge La Roucateille.<\/p>\n<p>TRATAMIENTO DE DATOS Y LIBERTAD<br \/>\nLa informaci\u00f3n que proporcione al realizar un pedido no se transmitir\u00e1 a ning\u00fan tercero. Estos<br \/>\nLa informaci\u00f3n ser\u00e1 considerada por el Camping Ari\u00e8ge La Roucateille como confidencial. S\u00f3lo se utilizar\u00e1n<br \/>\npor los servicios internos del Camping Ari\u00e8ge La Roucateille, para el tratamiento de su pedido y para reforzar y<br \/>\npersonalizar la comunicaci\u00f3n y los servicios ofrecidos a los clientes del Camping Ari\u00e8ge La Roucateille seg\u00fan sus preferencias<br \/>\nintereses. De acuerdo con la Ley de Protecci\u00f3n de Datos de 6 de enero de 1978, usted tiene derecho a acceder, modificar, corregir y eliminar sus datos personales.<br \/>\nrectificaci\u00f3n y oposici\u00f3n a los datos personales que le conciernen. Para ello, s\u00f3lo tiene que enviarnos una solicitud por correo<br \/>\na la siguiente direcci\u00f3n, indicando su nombre, apellidos y direcci\u00f3n:<br \/>\nCamping Ari\u00e8ge La Roucateille<br \/>\n15 rue du Pradal<br \/>\n09330 MONTGAILHARD<br \/>\nN\u00daMERO SIRET: 891 988 503 00027[\/vc_column_text][\/vc_column][\/vc_row]\n","protected":false},"excerpt":{"rendered":"<p>[vc_row type=\u00bbfull_width_background\u00bb full_screen_row_position=\u00bbmiddle\u00bb column_margin=\u00bbdefault\u00bb column_direction=\u00bbdefault\u00bb column_direction_tablet=\u00bbdefault\u00bb column_direction_phone=\u00bbdefault\u00bb bg_image=\u00bb118&#8243; bg_position=\u00bbcenter bottom\u00bb bg_repeat=\u00bbno-repeat\u00bb scene_position=\u00bbcenter\u00bb text_color=\u00bblight\u00bb text_align=\u00bbleft\u00bb row_border_radius=\u00bbnone\u00bb row_border_radius_applies=\u00bbbg\u00bb color_overlay=\u00bb#3a4254&#8243; color_overlay_2=\u00bb#8ac53e\u00bb overlay_strength=\u00bb0.5&#8243; gradient_direction=\u00bbleft_b_to_right_t\u00bb shape_divider_position=\u00bbbottom\u00bb bg_image_animation=\u00bbnone\u00bb shape_type=\u00bb\u00bb][vc_column column_padding=\u00bbno-extra-padding\u00bb column_padding_tablet=\u00bbinherit\u00bb column_padding_phone=\u00bbinherit\u00bb column_padding_position=\u00bball\u00bb centered_text=\u00bbtrue\u00bb background_color_opacity=\u00bb1&#8243; background_hover_color_opacity=\u00bb1&#8243;&#8230;<\/p>\n","protected":false},"author":2,"featured_media":0,"parent":0,"menu_order":0,"comment_status":"closed","ping_status":"closed","template":"","meta":{"_seopress_robots_primary_cat":"","_seopress_titles_title":"","_seopress_titles_desc":"","_seopress_robots_index":"","_seopress_analysis_target_kw":"","footnotes":""},"class_list":["post-1775","page","type-page","status-publish"],"_links":{"self":[{"href":"https:\/\/camping-roucateille.com\/es\/wp-json\/wp\/v2\/pages\/1775","targetHints":{"allow":["GET"]}}],"collection":[{"href":"https:\/\/camping-roucateille.com\/es\/wp-json\/wp\/v2\/pages"}],"about":[{"href":"https:\/\/camping-roucateille.com\/es\/wp-json\/wp\/v2\/types\/page"}],"author":[{"embeddable":true,"href":"https:\/\/camping-roucateille.com\/es\/wp-json\/wp\/v2\/users\/2"}],"replies":[{"embeddable":true,"href":"https:\/\/camping-roucateille.com\/es\/wp-json\/wp\/v2\/comments?post=1775"}],"version-history":[{"count":0,"href":"https:\/\/camping-roucateille.com\/es\/wp-json\/wp\/v2\/pages\/1775\/revisions"}],"wp:attachment":[{"href":"https:\/\/camping-roucateille.com\/es\/wp-json\/wp\/v2\/media?parent=1775"}],"curies":[{"name":"wp","href":"https:\/\/api.w.org\/{rel}","templated":true}]}}